{"id":238,"date":"2022-06-07T15:00:39","date_gmt":"2022-06-07T13:00:39","guid":{"rendered":"http:\/\/demo.deutschmuehle.de\/?page_id=238"},"modified":"2024-02-16T15:28:48","modified_gmt":"2024-02-16T14:28:48","slug":"impressum","status":"publish","type":"page","link":"https:\/\/deutschmuehle.de\/professionelles-sozialmanagement\/impressum\/","title":{"rendered":"Impressum"},"content":{"rendered":"<p>[vc_row top_padding=&#8220;100&#8243; bottom_padding=&#8220;100&#8243;][vc_column width=&#8220;1\/1&#8243;][vc_column_text]<\/p>\n<div class=\"wpb_wrapper\">\n<h1>Impressum<\/h1>\n<p><strong>Angaben gem\u00e4\u00df \u00a75 TMG:<\/strong><\/p>\n<p><strong>Sozialmanagement Deutschm\u00fchle<\/strong><br \/>\n<strong>gemeinn\u00fctzige GmbH<\/strong><\/p>\n<p><strong>Gesch\u00e4ftsf\u00fchrung:<\/strong><br \/>\nSusanne K\u00fchnhold<br \/>\nJohanna Weichold<br \/>\nMichael Weichold<\/p>\n<p><strong>Sitz der Gesellschaft:<\/strong><br \/>\nAm Wollenbach 12<br \/>\n97453 Schonungen<\/p>\n<p><strong>Registergericht:<br \/>\n<\/strong>Amtsgericht Schweinfurt | HRB 9006<\/p>\n<p><strong>Umsatzsteuer-ID:<\/strong><br \/>\nDE357930078<\/p>\n<p><strong>Erreichbarkeit:<br \/>\n<\/strong>Tel.: <a href=\"tel:4997279097770\">09727-9097770<\/a><br \/>\nFax: 09727-9097771<\/p>\n<p>E-Mail: <a href=\"mailto:info@deutschmuehle.de\">info@deutschmuehle.de<\/a><\/p>\n<p><strong>Streitschlichtung<\/strong><br \/>\nWir nehmen nicht an einem Streitbeilegungsverfahren vor einer Verbraucherschlichtungsstelle teil.<br \/>\nDas Gesetzes \u00fcber die alternative Streitbeilegung in Verbrauchersachen fordert aber, dass wir Sie trotzdem auf eine f\u00fcr Sie zust\u00e4ndige Verbraucherschlichtungsstelle hinweisen:<br \/>\nAllgemeine Verbraucherschlichtungsstelle des Zentrums f\u00fcr Schlichtung e. V.<br \/>\nStra\u00dfburger Str. 8<br \/>\n77694 Kehl<br \/>\n<a href=\"http:\/\/www.verbraucher-schlichter.de\" target=\"_blank\" rel=\"noopener noreferrer\">www.verbraucher-schlichter.de<\/a><\/p>\n<p><strong>Haftungsauschluss<\/strong><\/p>\n<p>\u00a7 1 Warnhinweis zu Inhalten Die kostenlosen und frei zug\u00e4nglichen Inhalte dieser Webseite wurden mit gr\u00f6\u00dftm\u00f6glicher Sorgfalt erstellt. Der Anbieter dieser Webseite \u00fcbernimmt jedoch keine Gew\u00e4hr f\u00fcr die Richtigkeit und Aktualit\u00e4t der bereitgestellten kostenlosen und frei zug\u00e4nglichen journalistischen Ratgeber und Nachrichten. Namentlich gekennzeichnete Beitr\u00e4ge geben die Meinung des jeweiligen Autors und nicht immer die Meinung des Anbieters wieder. Allein durch den Aufruf der kostenlosen und frei zug\u00e4nglichen Inhalte kommt keinerlei Vertragsverh\u00e4ltnis zwischen dem Nutzer und dem Anbieter zustande, insoweit fehlt es am Rechtsbindungswillen des Anbieters<br \/>\n\u00a7 2 Externe Links Diese Website enth\u00e4lt Verkn\u00fcpfungen zu Websites Dritter (\u201cexterne Links\u201d). Diese Websites unterliegen der Haftung der jeweiligen Betreiber. Der Anbieter hat bei der erstmaligen Verkn\u00fcpfung der externen Links die fremden Inhalte daraufhin \u00fcberpr\u00fcft, ob etwaige Rechtsverst\u00f6\u00dfe bestehen. Zu dem Zeitpunkt waren keine Rechtsverst\u00f6\u00dfe ersichtlich. Der Anbieter hat keinerlei Einfluss auf die aktuelle und zuk\u00fcnftige Gestaltung und auf die Inhalte der verkn\u00fcpften Seiten. Das Setzen von externen Links bedeutet nicht, dass sich der Anbieter die hinter dem Verweis oder Link liegenden Inhalte zu Eigen macht. Eine st\u00e4ndige Kontrolle der externen Links ist f\u00fcr den Anbieter ohne konkrete Hinweise auf Rechtsverst\u00f6\u00dfe nicht zumutbar. Bei Kenntnis von Rechtsverst\u00f6\u00dfen werden jedoch derartige externe Links unverz\u00fcglich gel\u00f6scht.<br \/>\n\u00a7 3 Urheber- und Leistungsschutzrechte Die auf dieser Website ver\u00f6ffentlichten Inhalte unterliegen dem deutschen Urheber- und Leistungsschutzrecht. Jede vom deutschen Urheber- und Leistungsschutzrecht nicht zugelassene Verwertung bedarf der vorherigen schriftlichen Zustimmung des Anbieters oder jeweiligen Rechteinhabers. Dies gilt insbesondere f\u00fcr Vervielf\u00e4ltigung, Bearbeitung, \u00dcbersetzung, Einspeicherung, Verarbeitung bzw. Wiedergabe von Inhalten in Datenbanken oder anderen elektronischen Medien und Systemen. Inhalte und Rechte Dritter sind dabei als solche gekennzeichnet. Die unerlaubte Vervielf\u00e4ltigung oder Weitergabe einzelner Inhalte oder kompletter Seiten ist nicht gestattet und strafbar. Lediglich die Herstellung von Kopien und Downloads f\u00fcr den pers\u00f6nlichen, privaten und nicht kommerziellen Gebrauch ist erlaubt.\u00a0\u00a0Die Darstellung dieser Website in fremden Frames ist nur mit schriftlicher Erlaubnis zul\u00e4ssig<br \/>\n\u00a7 4 Besondere Nutzungsbedingungen Soweit besondere Bedingungen f\u00fcr einzelne Nutzungen dieser Website von den vorgenannten Paragraphen abweichen, wird an entsprechender Stelle ausdr\u00fccklich darauf hingewiesen. In diesem Falle gelten im jeweiligen Einzelfall die besonderen Nutzungsbedingungen.<\/p>\n<\/div>\n<p>[\/vc_column_text][\/vc_column][\/vc_row]<\/p>\n","protected":false},"excerpt":{"rendered":"<p>[vc_row top_padding=&#8220;100&#8243; bottom_padding=&#8220;100&#8243;][vc_column width=&#8220;1\/1&#8243;][vc_column_text] Impressum Angaben gem\u00e4\u00df \u00a75 TMG: Sozialmanagement Deutschm\u00fchle gemeinn\u00fctzige GmbH Gesch\u00e4ftsf\u00fchrung: Susanne K\u00fchnhold Johanna Weichold Michael Weichold Sitz der Gesellschaft: Am Wollenbach 12 97453 Schonungen Registergericht: Amtsgericht Schweinfurt | HRB 9006 Umsatzsteuer-ID: DE357930078 Erreichbarkeit: Tel.: 09727-9097770 Fax: 09727-9097771 E-Mail: info@deutschmuehle.de Streitschlichtung Wir nehmen nicht an einem Streitbeilegungsverfahren vor einer Verbraucherschlichtungsstelle teil. Das Gesetzes \u00fcber die alternative Streitbeilegung in Verbrauchersachen fordert aber, dass wir Sie trotzdem auf eine f\u00fcr Sie zust\u00e4ndige Verbraucherschlichtungsstelle hinweisen: Allgemeine Verbraucherschlichtungsstelle des Zentrums f\u00fcr Schlichtung e. V. Stra\u00dfburger Str. 8 77694 Kehl www.verbraucher-schlichter.de Haftungsauschluss \u00a7 1 Warnhinweis zu Inhalten Die kostenlosen und frei zug\u00e4nglichen Inhalte dieser Webseite wurden mit gr\u00f6\u00dftm\u00f6glicher Sorgfalt erstellt. Der Anbieter dieser Webseite \u00fcbernimmt jedoch keine Gew\u00e4hr f\u00fcr die Richtigkeit und Aktualit\u00e4t der bereitgestellten kostenlosen und frei zug\u00e4nglichen journalistischen Ratgeber und Nachrichten. Namentlich gekennzeichnete Beitr\u00e4ge geben die Meinung des jeweiligen Autors und nicht immer die Meinung des Anbieters wieder. Allein durch den Aufruf der kostenlosen und frei zug\u00e4nglichen Inhalte kommt keinerlei Vertragsverh\u00e4ltnis zwischen dem Nutzer und dem Anbieter zustande, insoweit fehlt es am Rechtsbindungswillen des Anbieters \u00a7 2 Externe Links Diese Website enth\u00e4lt Verkn\u00fcpfungen zu Websites Dritter (\u201cexterne Links\u201d). Diese Websites unterliegen der Haftung der jeweiligen Betreiber. Der Anbieter hat bei [&hellip;]<\/p>\n","protected":false},"author":5,"featured_media":0,"parent":0,"menu_order":0,"comment_status":"closed","ping_status":"closed","template":"","meta":{"footnotes":""},"class_list":["post-238","page","type-page","status-publish","hentry"],"_links":{"self":[{"href":"https:\/\/deutschmuehle.de\/professionelles-sozialmanagement\/wp-json\/wp\/v2\/pages\/238","targetHints":{"allow":["GET"]}}],"collection":[{"href":"https:\/\/deutschmuehle.de\/professionelles-sozialmanagement\/wp-json\/wp\/v2\/pages"}],"about":[{"href":"https:\/\/deutschmuehle.de\/professionelles-sozialmanagement\/wp-json\/wp\/v2\/types\/page"}],"author":[{"embeddable":true,"href":"https:\/\/deutschmuehle.de\/professionelles-sozialmanagement\/wp-json\/wp\/v2\/users\/5"}],"replies":[{"embeddable":true,"href":"https:\/\/deutschmuehle.de\/professionelles-sozialmanagement\/wp-json\/wp\/v2\/comments?post=238"}],"version-history":[{"count":8,"href":"https:\/\/deutschmuehle.de\/professionelles-sozialmanagement\/wp-json\/wp\/v2\/pages\/238\/revisions"}],"predecessor-version":[{"id":400,"href":"https:\/\/deutschmuehle.de\/professionelles-sozialmanagement\/wp-json\/wp\/v2\/pages\/238\/revisions\/400"}],"wp:attachment":[{"href":"https:\/\/deutschmuehle.de\/professionelles-sozialmanagement\/wp-json\/wp\/v2\/media?parent=238"}],"curies":[{"name":"wp","href":"https:\/\/api.w.org\/{rel}","templated":true}]}}