{"id":214,"date":"2022-06-07T11:09:09","date_gmt":"2022-06-07T09:09:09","guid":{"rendered":"http:\/\/demo.deutschmuehle.de\/?page_id=214"},"modified":"2024-02-16T15:33:01","modified_gmt":"2024-02-16T14:33:01","slug":"kontakt","status":"publish","type":"page","link":"https:\/\/deutschmuehle.de\/professionelles-sozialmanagement\/kontakt\/","title":{"rendered":"Kontakt"},"content":{"rendered":"<p>[vc_row type=&#8220;full_width_section&#8220; text_align=&#8220;center&#8220; class=&#8220;image-hero&#8220;][vc_column width=&#8220;1\/1&#8243;]<div class=\"nk-awb image-hero-background \" ><div class=\"nk-awb-wrap\" data-awb-type=\"image\" data-awb-stretch=\"true\" data-awb-image-background-size=\"contain\" data-awb-image-background-position=\"50% 50%\" data-awb-parallax=\"scale\" data-awb-parallax-speed=\"0.5\" data-awb-parallax-mobile=\"false\"><div  class=\"nk-awb-inner\"><img loading=\"lazy\" decoding=\"async\" width=\"1430\" height=\"800\" src=\"https:\/\/deutschmuehle.de\/professionelles-sozialmanagement\/wp-content\/uploads\/2022\/06\/kontakt.jpg\" class=\"jarallax-img\" alt=\"\" style=\"object-position: 50% 50%;\" srcset=\"https:\/\/deutschmuehle.de\/professionelles-sozialmanagement\/wp-content\/uploads\/2022\/06\/kontakt.jpg 1430w, https:\/\/deutschmuehle.de\/professionelles-sozialmanagement\/wp-content\/uploads\/2022\/06\/kontakt-300x168.jpg 300w, https:\/\/deutschmuehle.de\/professionelles-sozialmanagement\/wp-content\/uploads\/2022\/06\/kontakt-1024x573.jpg 1024w, https:\/\/deutschmuehle.de\/professionelles-sozialmanagement\/wp-content\/uploads\/2022\/06\/kontakt-768x430.jpg 768w, https:\/\/deutschmuehle.de\/professionelles-sozialmanagement\/wp-content\/uploads\/2022\/06\/kontakt-500x280.jpg 500w, https:\/\/deutschmuehle.de\/professionelles-sozialmanagement\/wp-content\/uploads\/2022\/06\/kontakt-800x448.jpg 800w, https:\/\/deutschmuehle.de\/professionelles-sozialmanagement\/wp-content\/uploads\/2022\/06\/kontakt-1280x716.jpg 1280w\" sizes=\"auto, (max-width: 1430px) 100vw, 1430px\" \/><\/div><\/div><\/div>[\/vc_column][\/vc_row][vc_row top_padding=&#8220;100&#8243;][vc_column width=&#8220;5\/6&#8243;][vc_column_text css_animation=&#8220;none&#8220;]<\/p>\n<h1>Kontakt<\/h1>\n<h2 class=\"stringline\">So erreichen Sie uns<\/h2>\n<p>\u00dcber unser Kontaktformular haben Sie die M\u00f6glichkeit uns eine Nachricht zu schreiben. Wir freuen uns auf Ihre Anfrage und werden uns schnellstm\u00f6glich mit Ihnen in Verbindung setzen.[\/vc_column_text][\/vc_column][vc_column width=&#8220;1\/6&#8243;][\/vc_column][\/vc_row][vc_row top_padding=&#8220;50&#8243; bottom_padding=&#8220;100&#8243;][vc_column width=&#8220;2\/3&#8243; delay=&#8220;2&#8243;]\n<div class=\"wpcf7 no-js\" id=\"wpcf7-f22-o1\" lang=\"de-DE\" dir=\"ltr\">\n<div class=\"screen-reader-response\"><p role=\"status\" aria-live=\"polite\" aria-atomic=\"true\"><\/p> <ul><\/ul><\/div>\n<form action=\"\/professionelles-sozialmanagement\/wp-json\/wp\/v2\/pages\/214#wpcf7-f22-o1\" method=\"post\" class=\"wpcf7-form init\" aria-label=\"Kontaktformular\" novalidate=\"novalidate\" data-status=\"init\">\n<div style=\"display: none;\">\n<input type=\"hidden\" name=\"_wpcf7\" value=\"22\" \/>\n<input type=\"hidden\" name=\"_wpcf7_version\" value=\"5.8.7\" \/>\n<input type=\"hidden\" name=\"_wpcf7_locale\" value=\"de_DE\" \/>\n<input type=\"hidden\" name=\"_wpcf7_unit_tag\" value=\"wpcf7-f22-o1\" \/>\n<input type=\"hidden\" name=\"_wpcf7_container_post\" value=\"0\" \/>\n<input type=\"hidden\" name=\"_wpcf7_posted_data_hash\" value=\"\" \/>\n<\/div>\n<p><label><span class=\"wpcf7-form-control-wrap\" data-name=\"your-name\"><input size=\"40\" class=\"wpcf7-form-control wpcf7-text wpcf7-validates-as-required\" aria-required=\"true\" aria-invalid=\"false\" placeholder=\"Vor- und Nachname\" value=\"\" type=\"text\" name=\"your-name\" \/><\/span><\/label>\n<\/p>\n<p><label><span class=\"wpcf7-form-control-wrap\" data-name=\"your-email\"><input size=\"40\" class=\"wpcf7-form-control wpcf7-email wpcf7-validates-as-required wpcf7-text wpcf7-validates-as-email\" aria-required=\"true\" aria-invalid=\"false\" placeholder=\"E-Mail Adresse\" value=\"\" type=\"email\" name=\"your-email\" \/><\/span><\/label>\n<\/p>\n<p><label><span class=\"wpcf7-form-control-wrap\" data-name=\"your-subject\"><input size=\"40\" class=\"wpcf7-form-control wpcf7-text wpcf7-validates-as-required\" aria-required=\"true\" aria-invalid=\"false\" placeholder=\"Betreff\" value=\"\" type=\"text\" name=\"your-subject\" \/><\/span><\/label>\n<\/p>\n<p><label><span class=\"wpcf7-form-control-wrap\" data-name=\"your-message\"><textarea cols=\"40\" rows=\"10\" class=\"wpcf7-form-control wpcf7-textarea\" aria-invalid=\"false\" placeholder=\"Nachricht\" name=\"your-message\"><\/textarea><\/span><\/label><span id=\"wpcf7-69e8f0122e9a8-wrapper\" class=\"wpcf7-form-control-wrap website-wrap\" style=\"display:none !important; visibility:hidden !important;\"><label for=\"wpcf7-69e8f0122e9a8-field\" class=\"hp-message\">Bitte lasse dieses Feld leer.<\/label><input id=\"wpcf7-69e8f0122e9a8-field\"  class=\"wpcf7-form-control wpcf7-text\" type=\"text\" name=\"website\" value=\"\" size=\"40\" tabindex=\"-1\" autocomplete=\"new-password\" \/><\/span>\n<\/p>\n<p><label>Bitte geben Sie den folgenden Code ein: <input type=\"hidden\" name=\"_wpcf7_captcha_challenge_captcha-3\" value=\"3286183542\" \/><img loading=\"lazy\" decoding=\"async\" class=\"wpcf7-form-control wpcf7-captchac wpcf7-captcha-captcha-3\" width=\"72\" height=\"24\" alt=\"captcha\" src=\"https:\/\/deutschmuehle.de\/professionelles-sozialmanagement\/wp-content\/uploads\/wpcf7_captcha\/3286183542.png\" \/><br \/>\n<span class=\"wpcf7-form-control-wrap\" data-name=\"captcha-3\"><input size=\"40\" class=\"wpcf7-form-control wpcf7-captchar\" autocomplete=\"off\" aria-invalid=\"false\" value=\"\" type=\"text\" name=\"captcha-3\" \/><\/span><\/label>\n<\/p>\n<p><label class=\"datenschutz\"><span class=\"wpcf7-form-control-wrap\" data-name=\"datenschutz\"><span class=\"wpcf7-form-control wpcf7-acceptance\"><span class=\"wpcf7-list-item\"><label><input type=\"checkbox\" name=\"datenschutz\" value=\"1\" aria-invalid=\"false\" \/><span class=\"wpcf7-list-item-label\">Ich erkl\u00e4re mich damit einverstanden, dass meine Daten zur Bearbeitung meines Anliegens verwendet werden. Weitere Informationen und Widerrufshinweise finden Sie in der <a href=\"\/datenschutz\">Datenschutzerkl\u00e4rung<\/a>.<\/span><\/label><\/span><\/span><\/span><\/label>\n<\/p>\n<p><input class=\"wpcf7-form-control wpcf7-submit has-spinner\" type=\"submit\" value=\"Nachricht senden\" \/>\n<\/p><div class=\"wpcf7-response-output\" aria-hidden=\"true\"><\/div>\n<\/form>\n<\/div>\n[\/vc_column][vc_column width=&#8220;1\/3&#8243;]<div class=\"box clearfix style-3 wpb_content_element align-center \" style=\"padding: 20px 20px 20px 20px; \">\n<h3>Kontakt zu uns<\/h3>\n<h6><strong>Sozialmanagement<br \/>\n<\/strong><strong> Deutschm\u00fchle<\/strong><br \/>\nAm Wollenbach 12<br \/>\n97453 Schonungen<\/h6>\n<p><a href=\"tel:4997279097770\">+49 (0)9727 90 97 770<\/a><br \/>\n<strong><a href=\"mailto:info@deutschmuehle.de\">info@deutschmuehle.de<\/a><\/strong><\/div>[\/vc_column][\/vc_row]<\/p>\n","protected":false},"excerpt":{"rendered":"<p>[vc_row type=&#8220;full_width_section&#8220; text_align=&#8220;center&#8220; class=&#8220;image-hero&#8220;][vc_column width=&#8220;1\/1&#8243;][\/vc_column][\/vc_row][vc_row top_padding=&#8220;100&#8243;][vc_column width=&#8220;5\/6&#8243;][vc_column_text css_animation=&#8220;none&#8220;] Kontakt So erreichen Sie uns \u00dcber unser Kontaktformular haben Sie die M\u00f6glichkeit uns eine Nachricht zu schreiben. Wir freuen uns auf Ihre Anfrage und werden uns schnellstm\u00f6glich mit Ihnen in Verbindung setzen.[\/vc_column_text][\/vc_column][vc_column width=&#8220;1\/6&#8243;][\/vc_column][\/vc_row][vc_row top_padding=&#8220;50&#8243; bottom_padding=&#8220;100&#8243;][vc_column width=&#8220;2\/3&#8243; delay=&#8220;2&#8243;][\/vc_column][vc_column width=&#8220;1\/3&#8243;][\/vc_column][\/vc_row]<\/p>\n","protected":false},"author":5,"featured_media":0,"parent":0,"menu_order":0,"comment_status":"closed","ping_status":"closed","template":"","meta":{"footnotes":""},"class_list":["post-214","page","type-page","status-publish","hentry"],"_links":{"self":[{"href":"https:\/\/deutschmuehle.de\/professionelles-sozialmanagement\/wp-json\/wp\/v2\/pages\/214","targetHints":{"allow":["GET"]}}],"collection":[{"href":"https:\/\/deutschmuehle.de\/professionelles-sozialmanagement\/wp-json\/wp\/v2\/pages"}],"about":[{"href":"https:\/\/deutschmuehle.de\/professionelles-sozialmanagement\/wp-json\/wp\/v2\/types\/page"}],"author":[{"embeddable":true,"href":"https:\/\/deutschmuehle.de\/professionelles-sozialmanagement\/wp-json\/wp\/v2\/users\/5"}],"replies":[{"embeddable":true,"href":"https:\/\/deutschmuehle.de\/professionelles-sozialmanagement\/wp-json\/wp\/v2\/comments?post=214"}],"version-history":[{"count":20,"href":"https:\/\/deutschmuehle.de\/professionelles-sozialmanagement\/wp-json\/wp\/v2\/pages\/214\/revisions"}],"predecessor-version":[{"id":403,"href":"https:\/\/deutschmuehle.de\/professionelles-sozialmanagement\/wp-json\/wp\/v2\/pages\/214\/revisions\/403"}],"wp:attachment":[{"href":"https:\/\/deutschmuehle.de\/professionelles-sozialmanagement\/wp-json\/wp\/v2\/media?parent=214"}],"curies":[{"name":"wp","href":"https:\/\/api.w.org\/{rel}","templated":true}]}}