{"id":152,"date":"2022-06-07T09:23:07","date_gmt":"2022-06-07T07:23:07","guid":{"rendered":"http:\/\/demo.deutschmuehle.de\/?page_id=152"},"modified":"2024-02-16T15:30:52","modified_gmt":"2024-02-16T14:30:52","slug":"zuverdienst","status":"publish","type":"page","link":"https:\/\/deutschmuehle.de\/professionelles-sozialmanagement\/zuverdienst\/","title":{"rendered":"Zuverdienst"},"content":{"rendered":"<p>[vc_row type=&#8220;full_width_section&#8220; text_align=&#8220;center&#8220; class=&#8220;image-hero&#8220;][vc_column width=&#8220;1\/1&#8243;]<div class=\"nk-awb image-hero-background \" ><div class=\"nk-awb-wrap\" data-awb-type=\"image\" data-awb-stretch=\"true\" data-awb-image-background-size=\"contain\" data-awb-image-background-position=\"50% 50%\" data-awb-parallax=\"scale\" data-awb-parallax-speed=\"0.5\" data-awb-parallax-mobile=\"false\"><div  class=\"nk-awb-inner\"><img loading=\"lazy\" decoding=\"async\" width=\"1430\" height=\"800\" src=\"https:\/\/deutschmuehle.de\/professionelles-sozialmanagement\/wp-content\/uploads\/2022\/06\/zuverdienst.jpg\" class=\"jarallax-img\" alt=\"\" style=\"object-position: 50% 50%;\" srcset=\"https:\/\/deutschmuehle.de\/professionelles-sozialmanagement\/wp-content\/uploads\/2022\/06\/zuverdienst.jpg 1430w, https:\/\/deutschmuehle.de\/professionelles-sozialmanagement\/wp-content\/uploads\/2022\/06\/zuverdienst-300x168.jpg 300w, https:\/\/deutschmuehle.de\/professionelles-sozialmanagement\/wp-content\/uploads\/2022\/06\/zuverdienst-1024x573.jpg 1024w, https:\/\/deutschmuehle.de\/professionelles-sozialmanagement\/wp-content\/uploads\/2022\/06\/zuverdienst-768x430.jpg 768w, https:\/\/deutschmuehle.de\/professionelles-sozialmanagement\/wp-content\/uploads\/2022\/06\/zuverdienst-500x280.jpg 500w, https:\/\/deutschmuehle.de\/professionelles-sozialmanagement\/wp-content\/uploads\/2022\/06\/zuverdienst-800x448.jpg 800w, https:\/\/deutschmuehle.de\/professionelles-sozialmanagement\/wp-content\/uploads\/2022\/06\/zuverdienst-1280x716.jpg 1280w\" sizes=\"auto, (max-width: 1430px) 100vw, 1430px\" \/><\/div><\/div><\/div>[\/vc_column][\/vc_row][vc_row text_align=&#8220;center&#8220; top_padding=&#8220;100&#8243; bottom_padding=&#8220;100&#8243;][vc_column width=&#8220;1\/1&#8243;][vc_column_text css_animation=&#8220;none&#8220;]<\/p>\n<h2>Zuverdienst<\/h2>\n<h5>Eingliederung-Tagesstruktur-Gemeinschaft<\/h5>\n<p>Im Zuverdienst-Projekt der Deutschm\u00fchle finden psychisch erkrankte Menschen niederschwellige Besch\u00e4ftigungs- und Zuverdienstm\u00f6glichkeiten. Die w\u00f6chentlichen Stunden und Einsatzbereiche k\u00f6nnen nach den pers\u00f6nlichen Bed\u00fcrfnissen mit uns abgestimmt werden. Durch eine fachgerechte Anleitung und den individuell angepassten Rahmenbedingungen wollen wir Betroffenen die M\u00f6glichkeit geben einer sinnstiftenden Tagesstruktur nachzugehen, Eingliederung zu erleben und soziale Kontakte in der Gemeinschaft aufzubauen.<br \/>\nAls Anreiz k\u00f6nnen Teilnehmer am Zuverdienst eine monatliche Motivationszuwendung ausbezahlt bekommen.[\/vc_column_text][\/vc_column][\/vc_row][vc_row bg_image=&#8220;364&#8243; bg_repeat=&#8220;repeat&#8220; bg_color=&#8220;#f9f9f9&#8243; section_arrow=&#8220;false&#8220; top_padding=&#8220;50&#8243; bottom_padding=&#8220;50&#8243; row_id=&#8220;haus-hof-und-gartenservice&#8220;][vc_column width=&#8220;1\/2&#8243; delay=&#8220;2&#8243;][vc_column_text]<\/p>\n<h2>M\u00f6gliche T\u00e4tigkeitsbereiche<\/h2>\n<p>Geeignete T\u00e4tigkeitsbereiche werden unter Ber\u00fccksichtigung der F\u00e4higkeiten, Interessen und des individuellen Leistungsniveaus, gemeinsam mit den Anleitern ausgew\u00e4hlt.<br \/>\nDank der Zusammenarbeit mit dem<em><strong> Haus-Hof-Garten Service Deutschm\u00fchle<\/strong><\/em> k\u00f6nnen verschiedenen T\u00e4tigkeiten im handwerklichen Bereich angeboten werden.<\/p>\n<ul>\n<li>Hauswirtschaftliche Aufgaben<\/li>\n<li>Gartenarbeiten<\/li>\n<li>Haushaltsaufl\u00f6sungen<\/li>\n<li>Sortier- und Reinigungsarbeiten<\/li>\n<li>handwerkliche Arbeiten\n<ul>\n<li>Renovierungsarbeiten<\/li>\n<li>Unterst\u00fctzung bei Hausmeistert\u00e4tigkeiten<\/li>\n<li>Arbeiten mit Holz<\/li>\n<\/ul>\n<\/li>\n<\/ul>\n<p>[\/vc_column_text][\/vc_column][vc_column width=&#8220;1\/2&#8243;][vc_column_text]<\/p>\n<h2>Voraussetzungen<\/h2>\n<ul>\n<li>Bereitschaft im Team zusammenzuarbeiten und ein geregeltes Miteinander zu schaffen<\/li>\n<li>Die Motivation sich auf die Anleitung neuer Aufgaben und T\u00e4tigkeiten einzulassen<\/li>\n<li>Der Wunsch den Alltag sinnvoll zu gestalten<\/li>\n<li>Abstinenz w\u00e4hrend\u00a0 der Zuverdienst Zeit<\/li>\n<li>Rechtliche Voraussetzungen\n<ul>\n<li style=\"list-style-type: none;\">\n<ul>\n<li>Pl\u00e4tze im Zuverdienst stehen psychisch erkrankten Menschen, die voll erwerbsgemindert sind, im Sinne des SGB IX, zur Verf\u00fcgung<\/li>\n<li>Die Berechtigung zur Teilnahme ist durch Vorlage einer fach\u00e4rztlichen Bescheinigung nachzuweisen.<br \/>\n<strong>\u21d2 hierbei unterst\u00fctzen wir Sie gerne!<\/strong><\/li>\n<\/ul>\n<\/li>\n<\/ul>\n<\/li>\n<\/ul>\n<p>[\/vc_column_text][\/vc_column][\/vc_row][vc_row bg_color=&#8220;#1d315a&#8220; text_color=&#8220;light&#8220; top_padding=&#8220;50&#8243; bottom_padding=&#8220;50&#8243; row_id=&#8220;haus-hof-und-gartenservice&#8220;][vc_column width=&#8220;1\/1&#8243; delay=&#8220;2&#8243;][vc_column_text]<\/p>\n<h2>Ziele<\/h2>\n<ul>\n<li>Etablierung einer geregelten, sinnvollen Tagesstruktur<\/li>\n<li>psychische Stabilisierung durch regelm\u00e4\u00dfige Besch\u00e4ftigung und k\u00f6rperlicher Bet\u00e4tigung<\/li>\n<li>soziale Kontakte zu anderen Menschen<\/li>\n<li>Gemeinschaft im Team erleben<\/li>\n<li>Ausbau der eigenen F\u00e4higkeiten und Kompetenzen<\/li>\n<li>Ausprobieren neuer T\u00e4tigkeiten<\/li>\n<li>eigene Belastungserprobung<\/li>\n<li>erster Schritt in Richtung sinnstiftender und bezahlter Arbeit<\/li>\n<\/ul>\n<p>[\/vc_column_text][\/vc_column][\/vc_row][vc_row top_padding=&#8220;100&#8243; bottom_padding=&#8220;100&#8243;][vc_column column_center=&#8220;true&#8220; width=&#8220;1\/2&#8243;][vc_column_text]<\/p>\n<h2>Ihre Anfrage<\/h2>\n<p>Bei Interesse eine T\u00e4tigkeit im Zuverdienst aufzunehmen, freuen wir uns \u00fcber eine Kontaktaufnahme!<\/p>\n<p><a class=\"button\" href=\"https:\/\/deutschmuehle.de\/professionelles-sozialmanagement\/kontakt\">Kontaktformular<\/a>[\/vc_column_text][\/vc_column][vc_column width=&#8220;1\/2&#8243;]<div class=\"box clearfix style-1 wpb_content_element align-center \" style=\"padding: 20px 20px 20px 20px; \">\n<h3>Kontakt zu uns<\/h3>\n<p><strong>Sozialmanagement<br \/>\nDeutschm\u00fchle<\/strong><br \/>\nAm Wollenbach 12<br \/>\n97453 Schonungen<\/p>\n<p><a href=\"tel:4997279097770\">+49 (0)9727 90 97 770<\/a><br \/>\n<a href=\"mailto:info@deutschmuehle.de\">info@deutschmuehle.de<\/a><\/div>[\/vc_column][\/vc_row]<\/p>\n","protected":false},"excerpt":{"rendered":"<p>[vc_row type=&#8220;full_width_section&#8220; text_align=&#8220;center&#8220; class=&#8220;image-hero&#8220;][vc_column width=&#8220;1\/1&#8243;][\/vc_column][\/vc_row][vc_row text_align=&#8220;center&#8220; top_padding=&#8220;100&#8243; bottom_padding=&#8220;100&#8243;][vc_column width=&#8220;1\/1&#8243;][vc_column_text css_animation=&#8220;none&#8220;] Zuverdienst Eingliederung-Tagesstruktur-Gemeinschaft Im Zuverdienst-Projekt der Deutschm\u00fchle finden psychisch erkrankte Menschen niederschwellige Besch\u00e4ftigungs- und Zuverdienstm\u00f6glichkeiten. Die w\u00f6chentlichen Stunden und Einsatzbereiche k\u00f6nnen nach den pers\u00f6nlichen Bed\u00fcrfnissen mit uns abgestimmt werden. Durch eine fachgerechte Anleitung und den individuell angepassten Rahmenbedingungen wollen wir Betroffenen die M\u00f6glichkeit geben einer sinnstiftenden Tagesstruktur nachzugehen, Eingliederung zu erleben und soziale Kontakte in der Gemeinschaft aufzubauen. Als Anreiz k\u00f6nnen Teilnehmer am Zuverdienst eine monatliche Motivationszuwendung ausbezahlt bekommen.[\/vc_column_text][\/vc_column][\/vc_row][vc_row bg_image=&#8220;364&#8243; bg_repeat=&#8220;repeat&#8220; bg_color=&#8220;#f9f9f9&#8243; section_arrow=&#8220;false&#8220; top_padding=&#8220;50&#8243; bottom_padding=&#8220;50&#8243; row_id=&#8220;haus-hof-und-gartenservice&#8220;][vc_column width=&#8220;1\/2&#8243; delay=&#8220;2&#8243;][vc_column_text] M\u00f6gliche T\u00e4tigkeitsbereiche Geeignete T\u00e4tigkeitsbereiche werden unter Ber\u00fccksichtigung der F\u00e4higkeiten, Interessen und des individuellen Leistungsniveaus, gemeinsam mit den Anleitern ausgew\u00e4hlt. Dank der Zusammenarbeit mit dem Haus-Hof-Garten Service Deutschm\u00fchle k\u00f6nnen verschiedenen T\u00e4tigkeiten im handwerklichen Bereich angeboten werden. Hauswirtschaftliche Aufgaben Gartenarbeiten Haushaltsaufl\u00f6sungen Sortier- und Reinigungsarbeiten handwerkliche Arbeiten Renovierungsarbeiten Unterst\u00fctzung bei Hausmeistert\u00e4tigkeiten Arbeiten mit Holz [\/vc_column_text][\/vc_column][vc_column width=&#8220;1\/2&#8243;][vc_column_text] Voraussetzungen Bereitschaft im Team zusammenzuarbeiten und ein geregeltes Miteinander zu schaffen Die Motivation sich auf die Anleitung neuer Aufgaben und T\u00e4tigkeiten einzulassen Der Wunsch den Alltag sinnvoll zu gestalten Abstinenz w\u00e4hrend\u00a0 der Zuverdienst Zeit Rechtliche Voraussetzungen Pl\u00e4tze im Zuverdienst stehen psychisch erkrankten Menschen, die voll erwerbsgemindert sind, im Sinne des SGB IX, zur Verf\u00fcgung Die Berechtigung zur Teilnahme ist durch [&hellip;]<\/p>\n","protected":false},"author":5,"featured_media":0,"parent":0,"menu_order":0,"comment_status":"closed","ping_status":"closed","template":"","meta":{"footnotes":""},"class_list":["post-152","page","type-page","status-publish","hentry"],"_links":{"self":[{"href":"https:\/\/deutschmuehle.de\/professionelles-sozialmanagement\/wp-json\/wp\/v2\/pages\/152","targetHints":{"allow":["GET"]}}],"collection":[{"href":"https:\/\/deutschmuehle.de\/professionelles-sozialmanagement\/wp-json\/wp\/v2\/pages"}],"about":[{"href":"https:\/\/deutschmuehle.de\/professionelles-sozialmanagement\/wp-json\/wp\/v2\/types\/page"}],"author":[{"embeddable":true,"href":"https:\/\/deutschmuehle.de\/professionelles-sozialmanagement\/wp-json\/wp\/v2\/users\/5"}],"replies":[{"embeddable":true,"href":"https:\/\/deutschmuehle.de\/professionelles-sozialmanagement\/wp-json\/wp\/v2\/comments?post=152"}],"version-history":[{"count":55,"href":"https:\/\/deutschmuehle.de\/professionelles-sozialmanagement\/wp-json\/wp\/v2\/pages\/152\/revisions"}],"predecessor-version":[{"id":402,"href":"https:\/\/deutschmuehle.de\/professionelles-sozialmanagement\/wp-json\/wp\/v2\/pages\/152\/revisions\/402"}],"wp:attachment":[{"href":"https:\/\/deutschmuehle.de\/professionelles-sozialmanagement\/wp-json\/wp\/v2\/media?parent=152"}],"curies":[{"name":"wp","href":"https:\/\/api.w.org\/{rel}","templated":true}]}}