{"id":23,"date":"2022-06-01T16:45:44","date_gmt":"2022-06-01T14:45:44","guid":{"rendered":"http:\/\/demo.deutschmuehle.de\/?page_id=23"},"modified":"2024-01-12T14:04:31","modified_gmt":"2024-01-12T13:04:31","slug":"startseite","status":"publish","type":"page","link":"https:\/\/deutschmuehle.de\/haus-hof-und-gartenservice\/","title":{"rendered":"Willkommen"},"content":{"rendered":"<p>[vc_row type=&#8220;full_width_section&#8220; text_align=&#8220;center&#8220; class=&#8220;image-hero&#8220;][vc_column width=&#8220;1\/1&#8243;]<div class=\"nk-awb image-hero-background \" >[vc_column_text]Herzlich <strong>Willkommen<\/strong>[\/vc_column_text][vc_raw_html]JTNDZGl2JTIwY2xhc3MlM0QlMjJjaGV2cm9uLWNvbnRhaW5lciUyMiUzRSUwQSUyMCUyMCUzQ2RpdiUyMGNsYXNzJTNEJTIyY2hldnJvbiUyMiUzRSUzQyUyRmRpdiUzRSUwQSUyMCUyMCUzQ2RpdiUyMGNsYXNzJTNEJTIyY2hldnJvbiUyMiUzRSUzQyUyRmRpdiUzRSUwQSUyMCUyMCUzQ2RpdiUyMGNsYXNzJTNEJTIyY2hldnJvbiUyMiUzRSUzQyUyRmRpdiUzRSUwQSUzQyUyRmRpdiUzRQ==[\/vc_raw_html]<div class=\"nk-awb-wrap\" data-awb-type=\"image\" data-awb-stretch=\"true\" data-awb-image-background-size=\"contain\" data-awb-image-background-position=\"50% 50%\" data-awb-parallax=\"scale\" data-awb-parallax-speed=\"0.5\" data-awb-parallax-mobile=\"false\"><div  class=\"nk-awb-inner\"><img loading=\"lazy\" decoding=\"async\" width=\"1430\" height=\"800\" src=\"https:\/\/deutschmuehle.de\/haus-hof-und-gartenservice\/wp-content\/uploads\/2022\/06\/deutschmuehle-background-garten.jpg\" class=\"jarallax-img\" alt=\"\" style=\"object-position: 50% 50%;\" srcset=\"https:\/\/deutschmuehle.de\/haus-hof-und-gartenservice\/wp-content\/uploads\/2022\/06\/deutschmuehle-background-garten.jpg 1430w, https:\/\/deutschmuehle.de\/haus-hof-und-gartenservice\/wp-content\/uploads\/2022\/06\/deutschmuehle-background-garten-300x168.jpg 300w, https:\/\/deutschmuehle.de\/haus-hof-und-gartenservice\/wp-content\/uploads\/2022\/06\/deutschmuehle-background-garten-1024x573.jpg 1024w, https:\/\/deutschmuehle.de\/haus-hof-und-gartenservice\/wp-content\/uploads\/2022\/06\/deutschmuehle-background-garten-768x430.jpg 768w, https:\/\/deutschmuehle.de\/haus-hof-und-gartenservice\/wp-content\/uploads\/2022\/06\/deutschmuehle-background-garten-500x280.jpg 500w, https:\/\/deutschmuehle.de\/haus-hof-und-gartenservice\/wp-content\/uploads\/2022\/06\/deutschmuehle-background-garten-800x448.jpg 800w, https:\/\/deutschmuehle.de\/haus-hof-und-gartenservice\/wp-content\/uploads\/2022\/06\/deutschmuehle-background-garten-1280x716.jpg 1280w\" sizes=\"auto, (max-width: 1430px) 100vw, 1430px\" \/><\/div><\/div><\/div>[\/vc_column][\/vc_row][vc_row text_align=&#8220;center&#8220; top_padding=&#8220;100&#8243; bottom_padding=&#8220;100&#8243;][vc_column width=&#8220;1\/1&#8243;][vc_column_text css_animation=&#8220;none&#8220;]<\/p>\n<h1>Haus-Hof-Garten Service Deutschm\u00fchle<\/h1>\n<p>Mit unseren Dienstleistungen rund um Haus und Garten unterst\u00fctzen wir Sie gerne bei Gartenarbeiten, Renovierungen, Haushaltsaufl\u00f6sungen und vielem mehr.[\/vc_column_text][\/vc_column][\/vc_row][vc_row bg_color=&#8220;#f9f9f9&#8243; top_padding=&#8220;100&#8243; bottom_padding=&#8220;100&#8243;][vc_column column_center=&#8220;true&#8220; width=&#8220;3\/5&#8243; delay=&#8220;2&#8243;][vc_column_text]<\/p>\n<h3>Unsere Dienstleistungen<\/h3>\n<p class=\"stringline\">Rund um Haus und Garten<\/p>\n<ul class=\"column-list\">\n<li>Gartenpflegearbeiten<\/li>\n<li>Baggerarbeiten im Rahmen eines Gartenauftrages<\/li>\n<li>Haushaltsaufl\u00f6sungen<\/li>\n<li>Entr\u00fcmplung und Entsorgung<\/li>\n<li>Trockenbau<\/li>\n<li>Bodenverlegearbeiten<\/li>\n<li>Renovierungsarbeiten<\/li>\n<li>Montagearbeiten<\/li>\n<li>Kleinere Reparaturen<\/li>\n<li>Hausmeisterdienste<\/li>\n<li>und vieles mehr&#8230;<\/li>\n<\/ul>\n<p><strong>Wir freuen uns auf Ihre Anfrage. Gerne erstellen wir Ihnen, nach vorheriger Besichtigung des Auftrages, ein Angebot.<\/strong>[\/vc_column_text][\/vc_column][vc_column column_center=&#8220;true&#8220; text_align=&#8220;center&#8220; width=&#8220;2\/5&#8243;]<div class=\"single_image wpb_content_element align-center    scaled-image\" data-animation=\"none\" data-delay=\"0\"><img loading=\"lazy\" decoding=\"async\" width=\"1280\" height=\"937\" src=\"https:\/\/deutschmuehle.de\/haus-hof-und-gartenservice\/wp-content\/uploads\/2022\/06\/garten-grafik.png\" class=\"attachment-full\" alt=\"\" title=\"garten-grafik\" srcset=\"https:\/\/deutschmuehle.de\/haus-hof-und-gartenservice\/wp-content\/uploads\/2022\/06\/garten-grafik.png 1280w, https:\/\/deutschmuehle.de\/haus-hof-und-gartenservice\/wp-content\/uploads\/2022\/06\/garten-grafik-300x220.png 300w, https:\/\/deutschmuehle.de\/haus-hof-und-gartenservice\/wp-content\/uploads\/2022\/06\/garten-grafik-1024x750.png 1024w, https:\/\/deutschmuehle.de\/haus-hof-und-gartenservice\/wp-content\/uploads\/2022\/06\/garten-grafik-768x562.png 768w, https:\/\/deutschmuehle.de\/haus-hof-und-gartenservice\/wp-content\/uploads\/2022\/06\/garten-grafik-500x366.png 500w, https:\/\/deutschmuehle.de\/haus-hof-und-gartenservice\/wp-content\/uploads\/2022\/06\/garten-grafik-800x586.png 800w\" sizes=\"auto, (max-width: 1280px) 100vw, 1280px\" \/><\/div>[\/vc_column][\/vc_row][vc_row top_padding=&#8220;100&#8243; bottom_padding=&#8220;100&#8243;][vc_column width=&#8220;1\/6&#8243;][\/vc_column][vc_column width=&#8220;2\/3&#8243;]<div class=\"box clearfix style-1 wpb_content_element align-center \" style=\"padding: 40px 40px 40px 40px; \"><em>In Zusammenarbeit mit dem &#8222;Professionellen Sozialmanagement Deutschm\u00fchle&#8220; unterst\u00fctzen wir die Inklusion von Menschen mit psychischen Erkrankungen.\u00a0\u00a0<\/em><\/p>\n<p><em><strong>Eingliederung \u2013 Tagesstruktur \u2013 Gemeinschaft<\/strong><\/em><\/p>\n<p><em>Im Rahmen von Zuverdienst-Projekten geben wir den Betroffenen die M\u00f6glichkeit zusammen mit ihren Anleitern an unserer Tagesstruktur teilzunehmen, Gemeinschaft im Team zu erleben und ihre F\u00e4higkeiten weiterzuentwickeln.\u00a0<\/em><\/div>[\/vc_column][vc_column width=&#8220;1\/6&#8243;][\/vc_column][\/vc_row]<\/p>\n","protected":false},"excerpt":{"rendered":"<p>[vc_row type=&#8220;full_width_section&#8220; text_align=&#8220;center&#8220; class=&#8220;image-hero&#8220;][vc_column width=&#8220;1\/1&#8243;][\/vc_column][\/vc_row][vc_row text_align=&#8220;center&#8220; top_padding=&#8220;100&#8243; bottom_padding=&#8220;100&#8243;][vc_column width=&#8220;1\/1&#8243;][vc_column_text css_animation=&#8220;none&#8220;] Haus-Hof-Garten Service Deutschm\u00fchle Mit unseren Dienstleistungen rund um Haus und Garten unterst\u00fctzen wir Sie gerne bei Gartenarbeiten, Renovierungen, Haushaltsaufl\u00f6sungen und vielem mehr.[\/vc_column_text][\/vc_column][\/vc_row][vc_row bg_color=&#8220;#f9f9f9&#8243; top_padding=&#8220;100&#8243; bottom_padding=&#8220;100&#8243;][vc_column column_center=&#8220;true&#8220; width=&#8220;3\/5&#8243; delay=&#8220;2&#8243;][vc_column_text] Unsere Dienstleistungen Rund um Haus und Garten Gartenpflegearbeiten Baggerarbeiten im Rahmen eines Gartenauftrages Haushaltsaufl\u00f6sungen Entr\u00fcmplung und Entsorgung Trockenbau Bodenverlegearbeiten Renovierungsarbeiten Montagearbeiten Kleinere Reparaturen Hausmeisterdienste und vieles mehr&#8230; Wir freuen uns auf Ihre Anfrage. Gerne erstellen wir Ihnen, nach vorheriger Besichtigung des Auftrages, ein Angebot.[\/vc_column_text][\/vc_column][vc_column column_center=&#8220;true&#8220; text_align=&#8220;center&#8220; width=&#8220;2\/5&#8243;][\/vc_column][\/vc_row][vc_row top_padding=&#8220;100&#8243; bottom_padding=&#8220;100&#8243;][vc_column width=&#8220;1\/6&#8243;][\/vc_column][vc_column width=&#8220;2\/3&#8243;][\/vc_column][vc_column width=&#8220;1\/6&#8243;][\/vc_column][\/vc_row]<\/p>\n","protected":false},"author":5,"featured_media":0,"parent":0,"menu_order":0,"comment_status":"closed","ping_status":"closed","template":"","meta":{"footnotes":""},"class_list":["post-23","page","type-page","status-publish","hentry"],"_links":{"self":[{"href":"https:\/\/deutschmuehle.de\/haus-hof-und-gartenservice\/wp-json\/wp\/v2\/pages\/23","targetHints":{"allow":["GET"]}}],"collection":[{"href":"https:\/\/deutschmuehle.de\/haus-hof-und-gartenservice\/wp-json\/wp\/v2\/pages"}],"about":[{"href":"https:\/\/deutschmuehle.de\/haus-hof-und-gartenservice\/wp-json\/wp\/v2\/types\/page"}],"author":[{"embeddable":true,"href":"https:\/\/deutschmuehle.de\/haus-hof-und-gartenservice\/wp-json\/wp\/v2\/users\/5"}],"replies":[{"embeddable":true,"href":"https:\/\/deutschmuehle.de\/haus-hof-und-gartenservice\/wp-json\/wp\/v2\/comments?post=23"}],"version-history":[{"count":144,"href":"https:\/\/deutschmuehle.de\/haus-hof-und-gartenservice\/wp-json\/wp\/v2\/pages\/23\/revisions"}],"predecessor-version":[{"id":321,"href":"https:\/\/deutschmuehle.de\/haus-hof-und-gartenservice\/wp-json\/wp\/v2\/pages\/23\/revisions\/321"}],"wp:attachment":[{"href":"https:\/\/deutschmuehle.de\/haus-hof-und-gartenservice\/wp-json\/wp\/v2\/media?parent=23"}],"curies":[{"name":"wp","href":"https:\/\/api.w.org\/{rel}","templated":true}]}}